{"id":52,"date":"2023-07-10T22:42:16","date_gmt":"2023-07-10T20:42:16","guid":{"rendered":"http:\/\/wp.sjoskogen.se\/?page_id=52"},"modified":"2025-06-11T21:32:10","modified_gmt":"2025-06-11T19:32:10","slug":"start","status":"publish","type":"page","link":"https:\/\/sjoskogen.se\/","title":{"rendered":"V\u00e4lkommen till Sj\u00f6skogens Villaf\u00f6rening"},"content":{"rendered":"<div class=\"n2-section-smartslider fitvidsignore  n2_clear\" data-ssid=\"2\"><div id=\"n2-ss-2-align\" class=\"n2-ss-align\"><div class=\"n2-padding\"><div id=\"n2-ss-2\" data-creator=\"Smart Slider 3\" data-responsive=\"auto\" class=\"n2-ss-slider n2-ow n2-has-hover n2notransition  \">\n\n\n\n<div class=\"n2-ss-slider-wrapper-inside\">\n        <div class=\"n2-ss-slider-1 n2_ss__touch_element n2-ow\">\n            <div class=\"n2-ss-slider-2 n2-ow\">\n                                                <div class=\"n2-ss-slider-3 n2-ow\">\n\n                    <div class=\"n2-ss-slide-backgrounds n2-ow-all\"><div class=\"n2-ss-slide-background\" data-public-id=\"1\" data-mode=\"fill\" aria-hidden=\"true\"><div class=\"n2-ss-slide-background-image\" data-blur=\"0\" data-opacity=\"100\" data-x=\"50\" data-y=\"50\" data-alt=\"\" data-title=\"\"><picture class=\"skip-lazy\" data-skip-lazy=\"1\"><img decoding=\"async\" src=\"\/\/sjoskogen.se\/wp-content\/uploads\/2024\/02\/Sjostugan_2024-01-04_1911-scaled.jpeg\" alt=\"\" title=\"\" loading=\"lazy\" class=\"skip-lazy\" data-skip-lazy=\"1\"><\/picture><\/div><div data-color=\"RGBA(255,255,255,0)\" style=\"background-color: RGBA(255,255,255,0);\" class=\"n2-ss-slide-background-color\"><\/div><\/div><div class=\"n2-ss-slide-background\" data-public-id=\"2\" data-mode=\"fill\" aria-hidden=\"true\"><div class=\"n2-ss-slide-background-image\" data-blur=\"0\" data-opacity=\"100\" data-x=\"50\" data-y=\"50\" data-alt=\"\" data-title=\"\"><picture class=\"skip-lazy\" data-skip-lazy=\"1\"><img decoding=\"async\" src=\"\/\/sjoskogen.se\/wp-content\/uploads\/2024\/04\/Bryggan_2024-12-24-scaled.jpeg\" alt=\"\" title=\"\" loading=\"lazy\" class=\"skip-lazy\" data-skip-lazy=\"1\"><\/picture><\/div><div data-color=\"RGBA(255,255,255,0)\" style=\"background-color: RGBA(255,255,255,0);\" class=\"n2-ss-slide-background-color\"><\/div><\/div><div class=\"n2-ss-slide-background\" data-public-id=\"3\" data-mode=\"fill\"><div class=\"n2-ss-slide-background-image\" data-blur=\"0\" data-opacity=\"100\" data-x=\"50\" data-y=\"50\" data-alt=\"\" data-title=\"\"><picture class=\"skip-lazy\" data-skip-lazy=\"1\"><img decoding=\"async\" src=\"\/\/sjoskogen.se\/wp-content\/uploads\/Brygga\/IMG_2979.jpg\" alt=\"\" title=\"\" loading=\"lazy\" class=\"skip-lazy\" data-skip-lazy=\"1\"><\/picture><\/div><div data-color=\"RGBA(255,255,255,0)\" style=\"background-color: RGBA(255,255,255,0);\" class=\"n2-ss-slide-background-color\"><\/div><\/div><\/div>                    <div class=\"n2-ss-slider-4 n2-ow\">\n                        <svg xmlns=\"http:\/\/www.w3.org\/2000\/svg\" viewBox=\"0 0 400 320\" data-related-device=\"desktopPortrait\" class=\"n2-ow n2-ss-preserve-size n2-ss-preserve-size--slider n2-ss-slide-limiter\"><\/svg><div data-slide-duration=\"0\" data-id=\"3\" data-slide-public-id=\"1\" aria-hidden=\"true\" data-title=\"Sjostugan_2024-01-04_1911\" class=\"n2-ss-slide n2-ow  n2-ss-slide-3\"><div role=\"note\" class=\"n2-ss-slide--focus\" tabindex=\"-1\">Sjostugan_2024-01-04_1911<\/div><div class=\"n2-ss-layers-container n2-ss-slide-limiter n2-ow\"><div class=\"n2-ss-layer n2-ow n-uc-MFsRlU9Gg9st\" data-sstype=\"slide\" data-pm=\"default\"><\/div><\/div><\/div><div data-slide-duration=\"0\" data-id=\"5\" data-slide-public-id=\"2\" aria-hidden=\"true\" data-title=\"Bryggan_2024-12-24\" class=\"n2-ss-slide n2-ow  n2-ss-slide-5\"><div role=\"note\" class=\"n2-ss-slide--focus\" tabindex=\"-1\">Bryggan_2024-12-24<\/div><div class=\"n2-ss-layers-container n2-ss-slide-limiter n2-ow\"><div class=\"n2-ss-layer n2-ow n-uc-jecZlue2NZh0\" data-sstype=\"slide\" data-pm=\"default\"><\/div><\/div><\/div><div data-first=\"1\" data-slide-duration=\"0\" data-id=\"7\" data-slide-public-id=\"3\" data-title=\"IMG_2979\" class=\"n2-ss-slide n2-ow  n2-ss-slide-7\"><div role=\"note\" class=\"n2-ss-slide--focus\" tabindex=\"-1\">IMG_2979<\/div><div class=\"n2-ss-layers-container n2-ss-slide-limiter n2-ow\"><div class=\"n2-ss-layer n2-ow n-uc-s2PjfEJEsIoa\" data-sstype=\"slide\" data-pm=\"default\"><\/div><\/div><\/div>                    <\/div>\n\n                                    <\/div>\n            <\/div>\n        <\/div>\n        <div class=\"n2-ss-slider-controls n2-ss-slider-controls-absolute-center-bottom\"><div style=\"--widget-offset:10px;\" class=\"n2-ss-widget n2-ss-control-bullet n2-ow-all n2-ss-control-bullet-horizontal\"><div class=\" nextend-bullet-bar n2-bar-justify-content-center\" role=\"group\" aria-label=\"Choose slide to display.\"><div class=\"n2-bullet n2-style-d9a0d384021d23f322fae4992e8c8a05-dot \" style=\"visibility:hidden;\"><\/div><\/div><\/div><\/div><\/div><\/div><ss3-loader><\/ss3-loader><\/div><\/div><div class=\"n2_clear\"><\/div><\/div>\n\n\n<p>De ca 13 hektaren av kustn\u00e4ra bohusl\u00e4nsk mark inneh\u00e5ller mycket mer \u00e4n 36 privata fastigheter; natur, hav, utsikter, v\u00e4gar, brygga, stigar, badplatser, hus och gr\u00e4splan \u00e4r exempel p\u00e5 gemensamma tillh\u00f6righeter. Det torde vara n\u00e4st intill unikt med ett omr\u00e5de d\u00e4r mer \u00e4n h\u00e4lften av arean \u00e4r gemensam. D\u00e5 omr\u00e5det exploaterades p\u00e5 60-talet, var man f\u00f6rutseende nog att avs\u00e4tta mer \u00e4n 50% till gr\u00f6nomr\u00e5de och \u00e5r 2005 ut\u00f6kades detta med 1 ha strand samt 1,5 ha havsomr\u00e5de. I v\u00e5rt gemensamma f\u00f6rvaltande finns ocks\u00e5 utrymme f\u00f6r nya satsningar. Ett s\u00e5dant exempel \u00e4r betesmark f\u00f6r att h\u00e5lla h\u00f6gv\u00e4xande sly borta fr\u00e5n v\u00e5rt vackra strandomr\u00e5de.<\/p>\n\n\n\n<p><\/p>\n","protected":false},"excerpt":{"rendered":"<p>De ca 13 hektaren av kustn\u00e4ra bohusl\u00e4nsk mark inneh\u00e5ller mycket mer \u00e4n 36 privata fastigheter; natur, hav, utsikter, v\u00e4gar, brygga, stigar, badplatser, hus och gr\u00e4splan &hellip; <\/p>\n","protected":false},"author":1,"featured_media":0,"parent":0,"menu_order":0,"comment_status":"closed","ping_status":"closed","template":"","meta":{"_monsterinsights_skip_tracking":false,"_monsterinsights_sitenote_active":false,"_monsterinsights_sitenote_note":"","_monsterinsights_sitenote_category":0,"footnotes":""},"class_list":["post-52","page","type-page","status-publish","hentry"],"_links":{"self":[{"href":"https:\/\/sjoskogen.se\/index.php?rest_route=\/wp\/v2\/pages\/52","targetHints":{"allow":["GET"]}}],"collection":[{"href":"https:\/\/sjoskogen.se\/index.php?rest_route=\/wp\/v2\/pages"}],"about":[{"href":"https:\/\/sjoskogen.se\/index.php?rest_route=\/wp\/v2\/types\/page"}],"author":[{"embeddable":true,"href":"https:\/\/sjoskogen.se\/index.php?rest_route=\/wp\/v2\/users\/1"}],"replies":[{"embeddable":true,"href":"https:\/\/sjoskogen.se\/index.php?rest_route=%2Fwp%2Fv2%2Fcomments&post=52"}],"version-history":[{"count":5,"href":"https:\/\/sjoskogen.se\/index.php?rest_route=\/wp\/v2\/pages\/52\/revisions"}],"predecessor-version":[{"id":375,"href":"https:\/\/sjoskogen.se\/index.php?rest_route=\/wp\/v2\/pages\/52\/revisions\/375"}],"wp:attachment":[{"href":"https:\/\/sjoskogen.se\/index.php?rest_route=%2Fwp%2Fv2%2Fmedia&parent=52"}],"curies":[{"name":"wp","href":"https:\/\/api.w.org\/{rel}","templated":true}]}}