{"id":388,"date":"2025-06-13T13:58:46","date_gmt":"2025-06-13T11:58:46","guid":{"rendered":"https:\/\/sjoskogen.se\/?page_id=388"},"modified":"2025-06-14T11:26:12","modified_gmt":"2025-06-14T09:26:12","slug":"fotoalbum","status":"publish","type":"page","link":"https:\/\/sjoskogen.se\/?page_id=388","title":{"rendered":"Fotoalbum"},"content":{"rendered":"Hemsidan \u00e4r f\u00f6r medlemmar i Sj\u00f6skogens Villaf\u00f6rening.","protected":false},"excerpt":{"rendered":"","protected":false},"author":1,"featured_media":0,"parent":0,"menu_order":0,"comment_status":"closed","ping_status":"closed","template":"","meta":{"_monsterinsights_skip_tracking":false,"_monsterinsights_sitenote_active":false,"_monsterinsights_sitenote_note":"","_monsterinsights_sitenote_category":0,"footnotes":""},"class_list":["post-388","page","type-page","status-publish","hentry"],"_links":{"self":[{"href":"https:\/\/sjoskogen.se\/index.php?rest_route=\/wp\/v2\/pages\/388","targetHints":{"allow":["GET"]}}],"collection":[{"href":"https:\/\/sjoskogen.se\/index.php?rest_route=\/wp\/v2\/pages"}],"about":[{"href":"https:\/\/sjoskogen.se\/index.php?rest_route=\/wp\/v2\/types\/page"}],"author":[{"embeddable":true,"href":"https:\/\/sjoskogen.se\/index.php?rest_route=\/wp\/v2\/users\/1"}],"replies":[{"embeddable":true,"href":"https:\/\/sjoskogen.se\/index.php?rest_route=%2Fwp%2Fv2%2Fcomments&post=388"}],"version-history":[{"count":4,"href":"https:\/\/sjoskogen.se\/index.php?rest_route=\/wp\/v2\/pages\/388\/revisions"}],"predecessor-version":[{"id":414,"href":"https:\/\/sjoskogen.se\/index.php?rest_route=\/wp\/v2\/pages\/388\/revisions\/414"}],"wp:attachment":[{"href":"https:\/\/sjoskogen.se\/index.php?rest_route=%2Fwp%2Fv2%2Fmedia&parent=388"}],"curies":[{"name":"wp","href":"https:\/\/api.w.org\/{rel}","templated":true}]}}